{"id":9794,"date":"2025-04-14T13:34:59","date_gmt":"2025-04-14T11:34:59","guid":{"rendered":"https:\/\/bakken-bondestuen.dk\/banquet-room\/"},"modified":"2025-07-07T07:51:08","modified_gmt":"2025-07-07T05:51:08","slug":"banquet-room","status":"publish","type":"page","link":"https:\/\/bakken-bondestuen.dk\/en\/banquet-room-with-a-presentation-of-the-venue\/banquet-room\/","title":{"rendered":"Banquet Room"},"content":{"rendered":"\t\t<div data-elementor-type=\"wp-page\" data-elementor-id=\"9794\" class=\"elementor elementor-9794 elementor-9407\" data-elementor-post-type=\"page\">\n\t\t\t\t<div class=\"elementor-element elementor-element-48d6cbf e-con-full no-padding e-flex e-con e-parent\" data-id=\"48d6cbf\" data-element_type=\"container\">\n\t\t\t\t<div class=\"elementor-element elementor-element-e0323f6 elementor-widget elementor-widget-template\" data-id=\"e0323f6\" data-element_type=\"widget\" data-widget_type=\"template.default\">\n\t\t\t\t<div class=\"elementor-widget-container\">\n\t\t\t\t\t\t\t<div class=\"elementor-template\">\n\t\t\t\t\t<div data-elementor-type=\"container\" data-elementor-id=\"6563\" class=\"elementor elementor-6563\" data-elementor-post-type=\"elementor_library\">\n\t\t\t\t<div class=\"elementor-element elementor-element-6b499f1f e-con-full no-padding e-flex e-con e-parent\" data-id=\"6b499f1f\" data-element_type=\"container\">\n\t\t\t\t<div class=\"elementor-element elementor-element-1ecbb66 elementor-widget elementor-widget-template\" data-id=\"1ecbb66\" data-element_type=\"widget\" data-widget_type=\"template.default\">\n\t\t\t\t<div class=\"elementor-widget-container\">\n\t\t\t\t\t\t\t<div class=\"elementor-template\">\n\t\t\t\t\t<div data-elementor-type=\"container\" data-elementor-id=\"9854\" class=\"elementor elementor-9854 elementor-6542\" data-elementor-post-type=\"elementor_library\">\n\t\t\t\t<div class=\"elementor-element elementor-element-2bc4b5ab white e-flex e-con-boxed e-con e-parent\" data-id=\"2bc4b5ab\" data-element_type=\"container\" data-settings=\"{&quot;background_background&quot;:&quot;classic&quot;}\">\n\t\t\t\t\t<div class=\"e-con-inner\">\n\t\t\t\t\t<\/div>\n\t\t\t\t<\/div>\n\t\t\t\t<\/div>\n\t\t\t\t<\/div>\n\t\t\t\t\t\t<\/div>\n\t\t\t\t<\/div>\n\t\t\t\t<\/div>\n\t\t\t\t<\/div>\n\t\t\t\t<\/div>\n\t\t\t\t\t\t<\/div>\n\t\t\t\t<\/div>\n\t\t\t\t<\/div>\n\t\t<div class=\"elementor-element elementor-element-5e2b47e e-flex e-con-boxed e-con e-parent\" data-id=\"5e2b47e\" data-element_type=\"container\">\n\t\t\t\t\t<div class=\"e-con-inner\">\n\t\t<div class=\"elementor-element elementor-element-49ea90b e-con-full e-flex e-con e-child\" data-id=\"49ea90b\" data-element_type=\"container\">\n\t\t\t\t<div class=\"elementor-element elementor-element-0529d62 elementor-widget elementor-widget-text-editor\" data-id=\"0529d62\" data-element_type=\"widget\" data-widget_type=\"text-editor.default\">\n\t\t\t\t<div class=\"elementor-widget-container\">\n\t\t\t\t\t\t\t\t\t<h2>Book our Banquet Room<\/h2>\n\t\t\t\t\t\t\t\t<\/div>\n\t\t\t\t<\/div>\n\t\t\t\t<div class=\"elementor-element elementor-element-8caef58 elementor-widget elementor-widget-text-editor\" data-id=\"8caef58\" data-element_type=\"widget\" data-widget_type=\"text-editor.default\">\n\t\t\t\t<div class=\"elementor-widget-container\">\n\t\t\t\t\t\t\t\t\t<p>On the restaurant&#8217;s first floor, we have a separate banquet room that seats 65 guests, with a large covered outdoor terrace.<\/p>\n\t\t\t\t\t\t\t\t<\/div>\n\t\t\t\t<\/div>\n\t\t\t\t<\/div>\n\t\t\t\t\t<\/div>\n\t\t\t\t<\/div>\n\t\t<div class=\"elementor-element elementor-element-194bf66 e-flex e-con-boxed e-con e-parent\" data-id=\"194bf66\" data-element_type=\"container\">\n\t\t\t\t\t<div class=\"e-con-inner\">\n\t\t\t\t<div class=\"elementor-element elementor-element-6bb281f elementor-widget elementor-widget-gallery\" data-id=\"6bb281f\" data-element_type=\"widget\" data-settings=\"{&quot;gallery_layout&quot;:&quot;masonry&quot;,&quot;columns&quot;:3,&quot;lazyload&quot;:&quot;yes&quot;,&quot;columns_tablet&quot;:2,&quot;columns_mobile&quot;:1,&quot;gap&quot;:{&quot;unit&quot;:&quot;px&quot;,&quot;size&quot;:10,&quot;sizes&quot;:[]},&quot;gap_laptop&quot;:{&quot;unit&quot;:&quot;px&quot;,&quot;size&quot;:10,&quot;sizes&quot;:[]},&quot;gap_tablet&quot;:{&quot;unit&quot;:&quot;px&quot;,&quot;size&quot;:10,&quot;sizes&quot;:[]},&quot;gap_mobile&quot;:{&quot;unit&quot;:&quot;px&quot;,&quot;size&quot;:10,&quot;sizes&quot;:[]},&quot;link_to&quot;:&quot;file&quot;,&quot;overlay_background&quot;:&quot;yes&quot;,&quot;content_hover_animation&quot;:&quot;fade-in&quot;}\" data-widget_type=\"gallery.default\">\n\t\t\t\t<div class=\"elementor-widget-container\">\n\t\t\t\t\t\t\t<div class=\"elementor-gallery__container\">\n\t\t\t\t\t\t\t<a class=\"e-gallery-item elementor-gallery-item elementor-animated-content\" href=\"https:\/\/bakken-bondestuen.dk\/wp-content\/uploads\/2024\/07\/0u2a9189.jpg\" data-elementor-open-lightbox=\"yes\" data-elementor-lightbox-slideshow=\"6bb281f\" data-e-action-hash=\"#elementor-action%3Aaction%3Dlightbox%26settings%3DeyJpZCI6OTU1MiwidXJsIjoiaHR0cHM6XC9cL2Jha2tlbi1ib25kZXN0dWVuLmRrXC93cC1jb250ZW50XC91cGxvYWRzXC8yMDI0XC8wN1wvMHUyYTkxODkuanBnIiwic2xpZGVzaG93IjoiNmJiMjgxZiJ9\" data-rel=\"-image-0\" data-rl_title=\"\" data-rl_caption=\"\" title=\"\">\n\t\t\t\t\t<div class=\"e-gallery-image elementor-gallery-item__image\" data-thumbnail=\"https:\/\/bakken-bondestuen.dk\/wp-content\/uploads\/2024\/07\/0u2a9189-500x334.jpg\" data-width=\"500\" data-height=\"334\" aria-label=\"Fiskefilet med farve\" role=\"img\" ><\/div>\n\t\t\t\t\t\t\t\t\t\t\t<div class=\"elementor-gallery-item__overlay\"><\/div>\n\t\t\t\t\t\t\t\t\t\t\t\t\t\t<\/a>\n\t\t\t\t\t\t\t<a class=\"e-gallery-item elementor-gallery-item elementor-animated-content\" href=\"https:\/\/bakken-bondestuen.dk\/wp-content\/uploads\/2024\/07\/0u2a9148.jpg\" data-elementor-open-lightbox=\"yes\" data-elementor-lightbox-slideshow=\"6bb281f\" data-e-action-hash=\"#elementor-action%3Aaction%3Dlightbox%26settings%3DeyJpZCI6OTU1NiwidXJsIjoiaHR0cHM6XC9cL2Jha2tlbi1ib25kZXN0dWVuLmRrXC93cC1jb250ZW50XC91cGxvYWRzXC8yMDI0XC8wN1wvMHUyYTkxNDguanBnIiwic2xpZGVzaG93IjoiNmJiMjgxZiJ9\" data-rel=\"-image-1\" data-rl_title=\"\" data-rl_caption=\"\" title=\"\">\n\t\t\t\t\t<div class=\"e-gallery-image elementor-gallery-item__image\" data-thumbnail=\"https:\/\/bakken-bondestuen.dk\/wp-content\/uploads\/2024\/07\/0u2a9148-500x334.jpg\" data-width=\"500\" data-height=\"334\" aria-label=\"\" role=\"img\" ><\/div>\n\t\t\t\t\t\t\t\t\t\t\t<div class=\"elementor-gallery-item__overlay\"><\/div>\n\t\t\t\t\t\t\t\t\t\t\t\t\t\t<\/a>\n\t\t\t\t\t\t\t<a class=\"e-gallery-item elementor-gallery-item elementor-animated-content\" href=\"https:\/\/bakken-bondestuen.dk\/wp-content\/uploads\/2024\/07\/0u2a9118.jpg\" data-elementor-open-lightbox=\"yes\" data-elementor-lightbox-slideshow=\"6bb281f\" data-e-action-hash=\"#elementor-action%3Aaction%3Dlightbox%26settings%3DeyJpZCI6OTU1OCwidXJsIjoiaHR0cHM6XC9cL2Jha2tlbi1ib25kZXN0dWVuLmRrXC93cC1jb250ZW50XC91cGxvYWRzXC8yMDI0XC8wN1wvMHUyYTkxMTguanBnIiwic2xpZGVzaG93IjoiNmJiMjgxZiJ9\" data-rel=\"-image-2\" data-rl_title=\"\" data-rl_caption=\"\" title=\"\">\n\t\t\t\t\t<div class=\"e-gallery-image elementor-gallery-item__image\" data-thumbnail=\"https:\/\/bakken-bondestuen.dk\/wp-content\/uploads\/2024\/07\/0u2a9118-500x334.jpg\" data-width=\"500\" data-height=\"334\" aria-label=\"\" role=\"img\" ><\/div>\n\t\t\t\t\t\t\t\t\t\t\t<div class=\"elementor-gallery-item__overlay\"><\/div>\n\t\t\t\t\t\t\t\t\t\t\t\t\t\t<\/a>\n\t\t\t\t\t\t\t<a class=\"e-gallery-item elementor-gallery-item elementor-animated-content\" href=\"https:\/\/bakken-bondestuen.dk\/wp-content\/uploads\/2024\/07\/0u2a9109.jpg\" data-elementor-open-lightbox=\"yes\" data-elementor-lightbox-slideshow=\"6bb281f\" data-e-action-hash=\"#elementor-action%3Aaction%3Dlightbox%26settings%3DeyJpZCI6OTU2MCwidXJsIjoiaHR0cHM6XC9cL2Jha2tlbi1ib25kZXN0dWVuLmRrXC93cC1jb250ZW50XC91cGxvYWRzXC8yMDI0XC8wN1wvMHUyYTkxMDkuanBnIiwic2xpZGVzaG93IjoiNmJiMjgxZiJ9\" data-rel=\"-image-3\" data-rl_title=\"\" data-rl_caption=\"\" title=\"\">\n\t\t\t\t\t<div class=\"e-gallery-image elementor-gallery-item__image\" data-thumbnail=\"https:\/\/bakken-bondestuen.dk\/wp-content\/uploads\/2024\/07\/0u2a9109-500x330.jpg\" data-width=\"500\" data-height=\"330\" aria-label=\"\" role=\"img\" ><\/div>\n\t\t\t\t\t\t\t\t\t\t\t<div class=\"elementor-gallery-item__overlay\"><\/div>\n\t\t\t\t\t\t\t\t\t\t\t\t\t\t<\/a>\n\t\t\t\t\t\t\t<a class=\"e-gallery-item elementor-gallery-item elementor-animated-content\" href=\"https:\/\/bakken-bondestuen.dk\/wp-content\/uploads\/2024\/07\/0u2a9100.jpg\" data-elementor-open-lightbox=\"yes\" data-elementor-lightbox-slideshow=\"6bb281f\" data-e-action-hash=\"#elementor-action%3Aaction%3Dlightbox%26settings%3DeyJpZCI6OTU2MiwidXJsIjoiaHR0cHM6XC9cL2Jha2tlbi1ib25kZXN0dWVuLmRrXC93cC1jb250ZW50XC91cGxvYWRzXC8yMDI0XC8wN1wvMHUyYTkxMDAuanBnIiwic2xpZGVzaG93IjoiNmJiMjgxZiJ9\" data-rel=\"-image-4\" data-rl_title=\"\" data-rl_caption=\"\" title=\"\">\n\t\t\t\t\t<div class=\"e-gallery-image elementor-gallery-item__image\" data-thumbnail=\"https:\/\/bakken-bondestuen.dk\/wp-content\/uploads\/2024\/07\/0u2a9100-500x334.jpg\" data-width=\"500\" data-height=\"334\" aria-label=\"\" role=\"img\" ><\/div>\n\t\t\t\t\t\t\t\t\t\t\t<div class=\"elementor-gallery-item__overlay\"><\/div>\n\t\t\t\t\t\t\t\t\t\t\t\t\t\t<\/a>\n\t\t\t\t\t\t\t<a class=\"e-gallery-item elementor-gallery-item elementor-animated-content\" href=\"https:\/\/bakken-bondestuen.dk\/wp-content\/uploads\/2024\/07\/0u2a9088.jpg\" data-elementor-open-lightbox=\"yes\" data-elementor-lightbox-slideshow=\"6bb281f\" data-e-action-hash=\"#elementor-action%3Aaction%3Dlightbox%26settings%3DeyJpZCI6OTU2NCwidXJsIjoiaHR0cHM6XC9cL2Jha2tlbi1ib25kZXN0dWVuLmRrXC93cC1jb250ZW50XC91cGxvYWRzXC8yMDI0XC8wN1wvMHUyYTkwODguanBnIiwic2xpZGVzaG93IjoiNmJiMjgxZiJ9\" data-rel=\"-image-5\" data-rl_title=\"\" data-rl_caption=\"\" title=\"\">\n\t\t\t\t\t<div class=\"e-gallery-image elementor-gallery-item__image\" data-thumbnail=\"https:\/\/bakken-bondestuen.dk\/wp-content\/uploads\/2024\/07\/0u2a9088-500x334.jpg\" data-width=\"500\" data-height=\"334\" aria-label=\"\" role=\"img\" ><\/div>\n\t\t\t\t\t\t\t\t\t\t\t<div class=\"elementor-gallery-item__overlay\"><\/div>\n\t\t\t\t\t\t\t\t\t\t\t\t\t\t<\/a>\n\t\t\t\t\t\t\t<a class=\"e-gallery-item elementor-gallery-item elementor-animated-content\" href=\"https:\/\/bakken-bondestuen.dk\/wp-content\/uploads\/2024\/07\/0u2a9084.jpg\" data-elementor-open-lightbox=\"yes\" data-elementor-lightbox-slideshow=\"6bb281f\" data-e-action-hash=\"#elementor-action%3Aaction%3Dlightbox%26settings%3DeyJpZCI6OTU2NiwidXJsIjoiaHR0cHM6XC9cL2Jha2tlbi1ib25kZXN0dWVuLmRrXC93cC1jb250ZW50XC91cGxvYWRzXC8yMDI0XC8wN1wvMHUyYTkwODQuanBnIiwic2xpZGVzaG93IjoiNmJiMjgxZiJ9\" data-rel=\"-image-6\" data-rl_title=\"\" data-rl_caption=\"\" title=\"\">\n\t\t\t\t\t<div class=\"e-gallery-image elementor-gallery-item__image\" data-thumbnail=\"https:\/\/bakken-bondestuen.dk\/wp-content\/uploads\/2024\/07\/0u2a9084-500x334.jpg\" data-width=\"500\" data-height=\"334\" aria-label=\"\" role=\"img\" ><\/div>\n\t\t\t\t\t\t\t\t\t\t\t<div class=\"elementor-gallery-item__overlay\"><\/div>\n\t\t\t\t\t\t\t\t\t\t\t\t\t\t<\/a>\n\t\t\t\t\t\t\t<a class=\"e-gallery-item elementor-gallery-item elementor-animated-content\" href=\"https:\/\/bakken-bondestuen.dk\/wp-content\/uploads\/2024\/07\/0u2a9078.jpg\" data-elementor-open-lightbox=\"yes\" data-elementor-lightbox-slideshow=\"6bb281f\" data-e-action-hash=\"#elementor-action%3Aaction%3Dlightbox%26settings%3DeyJpZCI6OTU2OCwidXJsIjoiaHR0cHM6XC9cL2Jha2tlbi1ib25kZXN0dWVuLmRrXC93cC1jb250ZW50XC91cGxvYWRzXC8yMDI0XC8wN1wvMHUyYTkwNzguanBnIiwic2xpZGVzaG93IjoiNmJiMjgxZiJ9\" data-rel=\"-image-7\" data-rl_title=\"\" data-rl_caption=\"\" title=\"\">\n\t\t\t\t\t<div class=\"e-gallery-image elementor-gallery-item__image\" data-thumbnail=\"https:\/\/bakken-bondestuen.dk\/wp-content\/uploads\/2024\/07\/0u2a9078-500x334.jpg\" data-width=\"500\" data-height=\"334\" aria-label=\"\" role=\"img\" ><\/div>\n\t\t\t\t\t\t\t\t\t\t\t<div class=\"elementor-gallery-item__overlay\"><\/div>\n\t\t\t\t\t\t\t\t\t\t\t\t\t\t<\/a>\n\t\t\t\t\t\t\t<a class=\"e-gallery-item elementor-gallery-item elementor-animated-content\" href=\"https:\/\/bakken-bondestuen.dk\/wp-content\/uploads\/2024\/07\/0u2a9343.jpg\" data-elementor-open-lightbox=\"yes\" data-elementor-lightbox-slideshow=\"6bb281f\" data-e-action-hash=\"#elementor-action%3Aaction%3Dlightbox%26settings%3DeyJpZCI6OTU0NiwidXJsIjoiaHR0cHM6XC9cL2Jha2tlbi1ib25kZXN0dWVuLmRrXC93cC1jb250ZW50XC91cGxvYWRzXC8yMDI0XC8wN1wvMHUyYTkzNDMuanBnIiwic2xpZGVzaG93IjoiNmJiMjgxZiJ9\" data-rel=\"-image-8\" data-rl_title=\"\" data-rl_caption=\"\" title=\"\">\n\t\t\t\t\t<div class=\"e-gallery-image elementor-gallery-item__image\" data-thumbnail=\"https:\/\/bakken-bondestuen.dk\/wp-content\/uploads\/2024\/07\/0u2a9343-500x334.jpg\" data-width=\"500\" data-height=\"334\" aria-label=\"Buffet sides med farve\" role=\"img\" ><\/div>\n\t\t\t\t\t\t\t\t\t\t\t<div class=\"elementor-gallery-item__overlay\"><\/div>\n\t\t\t\t\t\t\t\t\t\t\t\t\t\t<\/a>\n\t\t\t\t\t\t\t<a class=\"e-gallery-item elementor-gallery-item elementor-animated-content\" href=\"https:\/\/bakken-bondestuen.dk\/wp-content\/uploads\/2023\/08\/a650140f-00e8-4a64-8076-2a91a53e0a7f-scaled-concentrate.jpeg\" data-elementor-open-lightbox=\"yes\" data-elementor-lightbox-slideshow=\"6bb281f\" data-e-action-hash=\"#elementor-action%3Aaction%3Dlightbox%26settings%3DeyJpZCI6OTU0MiwidXJsIjoiaHR0cHM6XC9cL2Jha2tlbi1ib25kZXN0dWVuLmRrXC93cC1jb250ZW50XC91cGxvYWRzXC8yMDIzXC8wOFwvYTY1MDE0MGYtMDBlOC00YTY0LTgwNzYtMmE5MWE1M2UwYTdmLXNjYWxlZC1jb25jZW50cmF0ZS5qcGVnIiwic2xpZGVzaG93IjoiNmJiMjgxZiJ9\" data-rel=\"-image-9\" data-rl_title=\"\" data-rl_caption=\"\" title=\"\">\n\t\t\t\t\t<div class=\"e-gallery-image elementor-gallery-item__image\" data-thumbnail=\"https:\/\/bakken-bondestuen.dk\/wp-content\/uploads\/2023\/08\/a650140f-00e8-4a64-8076-2a91a53e0a7f-scaled-concentrate-400x500.jpeg\" data-width=\"400\" data-height=\"500\" aria-label=\"\" role=\"img\" ><\/div>\n\t\t\t\t\t\t\t\t\t\t\t<div class=\"elementor-gallery-item__overlay\"><\/div>\n\t\t\t\t\t\t\t\t\t\t\t\t\t\t<\/a>\n\t\t\t\t\t\t\t<a class=\"e-gallery-item elementor-gallery-item elementor-animated-content\" href=\"https:\/\/bakken-bondestuen.dk\/wp-content\/uploads\/2023\/08\/052db268-53be-4a99-b753-2417cfe68be6.jpeg\" data-elementor-open-lightbox=\"yes\" data-elementor-lightbox-slideshow=\"6bb281f\" data-e-action-hash=\"#elementor-action%3Aaction%3Dlightbox%26settings%3DeyJpZCI6OTU0MywidXJsIjoiaHR0cHM6XC9cL2Jha2tlbi1ib25kZXN0dWVuLmRrXC93cC1jb250ZW50XC91cGxvYWRzXC8yMDIzXC8wOFwvMDUyZGIyNjgtNTNiZS00YTk5LWI3NTMtMjQxN2NmZTY4YmU2LmpwZWciLCJzbGlkZXNob3ciOiI2YmIyODFmIn0%3D\" data-rel=\"-image-10\" data-rl_title=\"\" data-rl_caption=\"\" title=\"\">\n\t\t\t\t\t<div class=\"e-gallery-image elementor-gallery-item__image\" data-thumbnail=\"https:\/\/bakken-bondestuen.dk\/wp-content\/uploads\/2023\/08\/052db268-53be-4a99-b753-2417cfe68be6-500x498.jpeg\" data-width=\"500\" data-height=\"498\" aria-label=\"\" role=\"img\" ><\/div>\n\t\t\t\t\t\t\t\t\t\t\t<div class=\"elementor-gallery-item__overlay\"><\/div>\n\t\t\t\t\t\t\t\t\t\t\t\t\t\t<\/a>\n\t\t\t\t\t\t\t<a class=\"e-gallery-item elementor-gallery-item elementor-animated-content\" href=\"https:\/\/bakken-bondestuen.dk\/wp-content\/uploads\/2024\/07\/0u2a9339.jpg\" data-elementor-open-lightbox=\"yes\" data-elementor-lightbox-slideshow=\"6bb281f\" data-e-action-hash=\"#elementor-action%3Aaction%3Dlightbox%26settings%3DeyJpZCI6OTU0OCwidXJsIjoiaHR0cHM6XC9cL2Jha2tlbi1ib25kZXN0dWVuLmRrXC93cC1jb250ZW50XC91cGxvYWRzXC8yMDI0XC8wN1wvMHUyYTkzMzkuanBnIiwic2xpZGVzaG93IjoiNmJiMjgxZiJ9\" data-rel=\"-image-11\" data-rl_title=\"\" data-rl_caption=\"\" title=\"\">\n\t\t\t\t\t<div class=\"e-gallery-image elementor-gallery-item__image\" data-thumbnail=\"https:\/\/bakken-bondestuen.dk\/wp-content\/uploads\/2024\/07\/0u2a9339-500x334.jpg\" data-width=\"500\" data-height=\"334\" aria-label=\"Buffet med farve\" role=\"img\" ><\/div>\n\t\t\t\t\t\t\t\t\t\t\t<div class=\"elementor-gallery-item__overlay\"><\/div>\n\t\t\t\t\t\t\t\t\t\t\t\t\t\t<\/a>\n\t\t\t\t\t<\/div>\n\t\t\t\t\t<\/div>\n\t\t\t\t<\/div>\n\t\t\t\t\t<\/div>\n\t\t\t\t<\/div>\n\t\t\t\t<\/div>\n\t\t","protected":false},"excerpt":{"rendered":"<p>Book selskabslokale hos os P\u00e5 restaurantens 1. sal har vi et separat selskabslokale med plads til 65 g\u00e6ster, med en stor overd\u00e6kket udend\u00f8rs terrasse.<\/p>\n","protected":false},"author":5,"featured_media":0,"parent":9812,"menu_order":1009,"comment_status":"closed","ping_status":"closed","template":"","meta":{"_acf_changed":false,"footnotes":""},"categories":[],"class_list":["post-9794","page","type-page","status-publish"],"acf":[],"yoast_head":"<!-- This site is optimized with the Yoast SEO plugin v26.8 - https:\/\/yoast.com\/product\/yoast-seo-wordpress\/ -->\n<title>Banquet Room | Restaurant Bondestuen<\/title>\n<meta name=\"robots\" content=\"index, follow, max-snippet:-1, max-image-preview:large, max-video-preview:-1\" \/>\n<link rel=\"canonical\" href=\"https:\/\/bakken-bondestuen.dk\/en\/?page_id=9794\" \/>\n<meta property=\"og:locale\" content=\"en_US\" \/>\n<meta property=\"og:type\" content=\"article\" \/>\n<meta property=\"og:title\" content=\"Banquet Room | Restaurant Bondestuen\" \/>\n<meta property=\"og:description\" content=\"Book selskabslokale hos os P\u00e5 restaurantens 1. sal har vi et separat selskabslokale med plads til 65 g\u00e6ster, med en stor overd\u00e6kket udend\u00f8rs terrasse.\" \/>\n<meta property=\"og:url\" content=\"https:\/\/bakken-bondestuen.dk\/en\/?page_id=9794\" \/>\n<meta property=\"og:site_name\" content=\"Restaurant Bondestuen\" \/>\n<meta property=\"article:modified_time\" content=\"2025-07-07T05:51:08+00:00\" \/>\n<meta name=\"twitter:card\" content=\"summary_large_image\" \/>\n<script type=\"application\/ld+json\" class=\"yoast-schema-graph\">{\"@context\":\"https:\/\/schema.org\",\"@graph\":[{\"@type\":\"WebPage\",\"@id\":\"https:\/\/bakken-bondestuen.dk\/en\/?page_id=9794\",\"url\":\"https:\/\/bakken-bondestuen.dk\/en\/?page_id=9794\",\"name\":\"Banquet Room | Restaurant Bondestuen\",\"isPartOf\":{\"@id\":\"https:\/\/bakken-bondestuen.dk\/#website\"},\"datePublished\":\"2025-04-14T11:34:59+00:00\",\"dateModified\":\"2025-07-07T05:51:08+00:00\",\"breadcrumb\":{\"@id\":\"https:\/\/bakken-bondestuen.dk\/en\/?page_id=9794#breadcrumb\"},\"inLanguage\":\"en-US\",\"potentialAction\":[{\"@type\":\"ReadAction\",\"target\":[\"https:\/\/bakken-bondestuen.dk\/en\/?page_id=9794\"]}]},{\"@type\":\"BreadcrumbList\",\"@id\":\"https:\/\/bakken-bondestuen.dk\/en\/?page_id=9794#breadcrumb\",\"itemListElement\":[{\"@type\":\"ListItem\",\"position\":1,\"name\":\"Forside\",\"item\":\"https:\/\/bakken-bondestuen.dk\/\"},{\"@type\":\"ListItem\",\"position\":2,\"name\":\"Banquet Room with a Presentation of the Venue\",\"item\":\"https:\/\/bakken-bondestuen.dk\/en\/?page_id=9812\"},{\"@type\":\"ListItem\",\"position\":3,\"name\":\"Banquet Room\"}]},{\"@type\":\"WebSite\",\"@id\":\"https:\/\/bakken-bondestuen.dk\/#website\",\"url\":\"https:\/\/bakken-bondestuen.dk\/\",\"name\":\"Restaurant Bondestuen\",\"description\":\"Hyggelig Restaurant p\u00e5 Dyrehavsbakken i Klampenborg n\u00e6r Charlottenlund\",\"publisher\":{\"@id\":\"https:\/\/bakken-bondestuen.dk\/#organization\"},\"potentialAction\":[{\"@type\":\"SearchAction\",\"target\":{\"@type\":\"EntryPoint\",\"urlTemplate\":\"https:\/\/bakken-bondestuen.dk\/?s={search_term_string}\"},\"query-input\":{\"@type\":\"PropertyValueSpecification\",\"valueRequired\":true,\"valueName\":\"search_term_string\"}}],\"inLanguage\":\"en-US\"},{\"@type\":\"Organization\",\"@id\":\"https:\/\/bakken-bondestuen.dk\/#organization\",\"name\":\"Restaurant Bondestuen\",\"url\":\"https:\/\/bakken-bondestuen.dk\/\",\"logo\":{\"@type\":\"ImageObject\",\"inLanguage\":\"en-US\",\"@id\":\"https:\/\/bakken-bondestuen.dk\/#\/schema\/logo\/image\/\",\"url\":\"https:\/\/bakken-bondestuen.dk\/wp-content\/uploads\/2022\/03\/logo-black.svg\",\"contentUrl\":\"https:\/\/bakken-bondestuen.dk\/wp-content\/uploads\/2022\/03\/logo-black.svg\",\"caption\":\"Restaurant Bondestuen\"},\"image\":{\"@id\":\"https:\/\/bakken-bondestuen.dk\/#\/schema\/logo\/image\/\"}}]}<\/script>\n<!-- \/ Yoast SEO plugin. -->","yoast_head_json":{"title":"Banquet Room | Restaurant Bondestuen","robots":{"index":"index","follow":"follow","max-snippet":"max-snippet:-1","max-image-preview":"max-image-preview:large","max-video-preview":"max-video-preview:-1"},"canonical":"https:\/\/bakken-bondestuen.dk\/en\/?page_id=9794","og_locale":"en_US","og_type":"article","og_title":"Banquet Room | Restaurant Bondestuen","og_description":"Book selskabslokale hos os P\u00e5 restaurantens 1. sal har vi et separat selskabslokale med plads til 65 g\u00e6ster, med en stor overd\u00e6kket udend\u00f8rs terrasse.","og_url":"https:\/\/bakken-bondestuen.dk\/en\/?page_id=9794","og_site_name":"Restaurant Bondestuen","article_modified_time":"2025-07-07T05:51:08+00:00","twitter_card":"summary_large_image","schema":{"@context":"https:\/\/schema.org","@graph":[{"@type":"WebPage","@id":"https:\/\/bakken-bondestuen.dk\/en\/?page_id=9794","url":"https:\/\/bakken-bondestuen.dk\/en\/?page_id=9794","name":"Banquet Room | Restaurant Bondestuen","isPartOf":{"@id":"https:\/\/bakken-bondestuen.dk\/#website"},"datePublished":"2025-04-14T11:34:59+00:00","dateModified":"2025-07-07T05:51:08+00:00","breadcrumb":{"@id":"https:\/\/bakken-bondestuen.dk\/en\/?page_id=9794#breadcrumb"},"inLanguage":"en-US","potentialAction":[{"@type":"ReadAction","target":["https:\/\/bakken-bondestuen.dk\/en\/?page_id=9794"]}]},{"@type":"BreadcrumbList","@id":"https:\/\/bakken-bondestuen.dk\/en\/?page_id=9794#breadcrumb","itemListElement":[{"@type":"ListItem","position":1,"name":"Forside","item":"https:\/\/bakken-bondestuen.dk\/"},{"@type":"ListItem","position":2,"name":"Banquet Room with a Presentation of the Venue","item":"https:\/\/bakken-bondestuen.dk\/en\/?page_id=9812"},{"@type":"ListItem","position":3,"name":"Banquet Room"}]},{"@type":"WebSite","@id":"https:\/\/bakken-bondestuen.dk\/#website","url":"https:\/\/bakken-bondestuen.dk\/","name":"Restaurant Bondestuen","description":"Hyggelig Restaurant p\u00e5 Dyrehavsbakken i Klampenborg n\u00e6r Charlottenlund","publisher":{"@id":"https:\/\/bakken-bondestuen.dk\/#organization"},"potentialAction":[{"@type":"SearchAction","target":{"@type":"EntryPoint","urlTemplate":"https:\/\/bakken-bondestuen.dk\/?s={search_term_string}"},"query-input":{"@type":"PropertyValueSpecification","valueRequired":true,"valueName":"search_term_string"}}],"inLanguage":"en-US"},{"@type":"Organization","@id":"https:\/\/bakken-bondestuen.dk\/#organization","name":"Restaurant Bondestuen","url":"https:\/\/bakken-bondestuen.dk\/","logo":{"@type":"ImageObject","inLanguage":"en-US","@id":"https:\/\/bakken-bondestuen.dk\/#\/schema\/logo\/image\/","url":"https:\/\/bakken-bondestuen.dk\/wp-content\/uploads\/2022\/03\/logo-black.svg","contentUrl":"https:\/\/bakken-bondestuen.dk\/wp-content\/uploads\/2022\/03\/logo-black.svg","caption":"Restaurant Bondestuen"},"image":{"@id":"https:\/\/bakken-bondestuen.dk\/#\/schema\/logo\/image\/"}}]}},"_links":{"self":[{"href":"https:\/\/bakken-bondestuen.dk\/en\/wp-json\/wp\/v2\/pages\/9794","targetHints":{"allow":["GET"]}}],"collection":[{"href":"https:\/\/bakken-bondestuen.dk\/en\/wp-json\/wp\/v2\/pages"}],"about":[{"href":"https:\/\/bakken-bondestuen.dk\/en\/wp-json\/wp\/v2\/types\/page"}],"author":[{"embeddable":true,"href":"https:\/\/bakken-bondestuen.dk\/en\/wp-json\/wp\/v2\/users\/5"}],"replies":[{"embeddable":true,"href":"https:\/\/bakken-bondestuen.dk\/en\/wp-json\/wp\/v2\/comments?post=9794"}],"version-history":[{"count":3,"href":"https:\/\/bakken-bondestuen.dk\/en\/wp-json\/wp\/v2\/pages\/9794\/revisions"}],"predecessor-version":[{"id":9797,"href":"https:\/\/bakken-bondestuen.dk\/en\/wp-json\/wp\/v2\/pages\/9794\/revisions\/9797"}],"up":[{"embeddable":true,"href":"https:\/\/bakken-bondestuen.dk\/en\/wp-json\/wp\/v2\/pages\/9812"}],"wp:attachment":[{"href":"https:\/\/bakken-bondestuen.dk\/en\/wp-json\/wp\/v2\/media?parent=9794"}],"wp:term":[{"taxonomy":"category","embeddable":true,"href":"https:\/\/bakken-bondestuen.dk\/en\/wp-json\/wp\/v2\/categories?post=9794"}],"curies":[{"name":"wp","href":"https:\/\/api.w.org\/{rel}","templated":true}]}}